{"id":32,"date":"2020-04-21T08:53:58","date_gmt":"2020-04-21T08:53:58","guid":{"rendered":"https:\/\/unllocalbosc.org\/?page_id=32"},"modified":"2025-03-20T11:40:21","modified_gmt":"2025-03-20T09:40:21","slug":"identitat-del-projecte","status":"publish","type":"page","link":"https:\/\/unllocalbosc.org\/es\/identitat-del-projecte\/","title":{"rendered":"Identidad del proyecto"},"content":{"rendered":"<p>UN LLOC AL BOSC nace de la necesidad, por parte de familias y profesionales de la educaci\u00f3n, de contar con un espacio de <strong>caracter\u00edsticas similares al entorno familiar<\/strong> on la xicalla puga desenvolupar-se al seu ritme, en un clima c\u00e0lid i relaxat, on prenga part activa en el seu propi proc\u00e9s d\u2019aprenentatge. Un espai on desenvolupar les habilitats d\u2019autonomia, emocionals, motores, socials, autoestima, intel\u00b7lectuals, etc., gr\u00e0cies a <strong>experi\u00e8ncies directes i significatives nascudes de les seues propies necessitats<\/strong>. Respetar el ritmo de cada ni\u00f1o y ni\u00f1a es una de las premisas a la hora de llevar a cabo el trabajo de acompa\u00f1amiento.<\/p>\n\n\n\n<div class=\"wp-block-media-text alignwide is-stacked-on-mobile\" style=\"grid-template-columns:43% auto\"><figure class=\"wp-block-media-text__media\"><img loading=\"lazy\" decoding=\"async\" width=\"1024\" height=\"576\" src=\"https:\/\/unllocalbosc.org\/wp-content\/uploads\/2020\/06\/photo_2020-06-01_11-21-59-1-1024x576.jpg\" alt=\"\" class=\"wp-image-433 size-full\" srcset=\"\" sizes=\"auto, (max-width: 1024px) 100vw, 1024px\" data-srcset=\"\" \/><\/figure><div class=\"wp-block-media-text__content\">\n<p class=\"has-text-align-left\">En nuestro espacio, las persones adultas que acompa\u00f1amos a los ni\u00f1os\/as <strong>confiamos en la capacidad de aprender de cada una<\/strong> i contribu\u00efm a aquest aprenentatge amb pres\u00e8ncia, disponibilitat i adaptant els diferents espais amb materials que aporten informaci\u00f3 interessant i conviden a la manipulaci\u00f3 i la investigaci\u00f3, sempre adaptat als seus interessos i la seva etapa madurativa partint d&#8217;all\u00f2 que previament s&#8217;ha observat a la seva activitat autonoma.<\/p>\n<\/div><\/div>\n\n\n\n<p>Nunca se fuerza el ritmo de aprendizaje ni se impone para homogeneizar el progreso: cada cual aprende lo que le interesa, cuando le interesa, en un ambiente de confianza y motivaci\u00f3n en que <strong>el adulto interviene por petici\u00f3n del ni\u00f1o o ni\u00f1a<\/strong> a quien acompa\u00f1a, con un papel facilitador de los aprendizajes.<\/p>\n\n\n\n<p>UN LLOC AL BOSC es un espacio de <strong>respeto, cooperaci\u00f3n y apoyo mutuo<\/strong>. La cooperaci\u00f3n es la forma de hacer evolucionar las relaciones sociales en el espacio; la organizaci\u00f3n es horizontal, todo el mundo toma parte de las decisiones del funcionamiento cotidiano, asumiendo grados de responsabilidad seg\u00fan la edad y capacidades de cada cual. <\/p>\n\n\n<div class=\"wp-block-image\">\n<figure class=\"alignleft size-large is-resized\"><img loading=\"lazy\" decoding=\"async\" width=\"800\" height=\"800\" src=\"https:\/\/unllocalbosc.org\/wp-content\/uploads\/2020\/05\/apren.jpg\" alt=\"\" class=\"wp-image-177\" style=\"width:736px;height:736px\" srcset=\"https:\/\/unllocalbosc.org\/wp-content\/uploads\/2020\/05\/apren.jpg 800w, https:\/\/unllocalbosc.org\/wp-content\/uploads\/2020\/05\/apren-300x300.jpg 300w, https:\/\/unllocalbosc.org\/wp-content\/uploads\/2020\/05\/apren-150x150.jpg 150w, https:\/\/unllocalbosc.org\/wp-content\/uploads\/2020\/05\/apren-768x768.jpg 768w, https:\/\/unllocalbosc.org\/wp-content\/uploads\/2020\/05\/apren-676x676.jpg 676w\" sizes=\"auto, (max-width: 800px) 100vw, 800px\" \/><\/figure>\n<\/div>\n\n\n<p><\/p>\n\n\n\n&nbsp;<br>&nbsp;\n\n\n\n&nbsp;<br>&nbsp;\n\n\n\n<p>Se considera que <strong>el entorno natural es una fuente valiosa de aprendizaje<\/strong>: de \u00e9l se toman ejemplos y se confeccionan materiales que contribuyen a que las ni\u00f1as\/os conozcan, respeten y valoren el medio en que vivimos.<\/p>\n\n\n\n&nbsp;<br>&nbsp;\n\n\n\n&nbsp;<br>&nbsp;\n\n\n\n<p>Se da valor a los materiales que tenemos, as\u00ed como a las infraestructuras, para actuar de acuerdo con <strong>una cultura de respeto al medio ambiente<\/strong> y responsabilidad hacia el uso y consumo de las cosas y energ\u00edas, rehuyendo din\u00e1micas de tirar y reponer sin sentido.<\/p>\n\n\n<div class=\"wp-block-image\">\n<figure class=\"alignright size-large\"><img loading=\"lazy\" decoding=\"async\" width=\"1024\" height=\"830\" src=\"https:\/\/unllocalbosc.org\/wp-content\/uploads\/2020\/05\/cooperaci\u00f3-1024x830.jpg\" alt=\"\" class=\"wp-image-174\" srcset=\"\" sizes=\"auto, (max-width: 1024px) 100vw, 1024px\" data-srcset=\"\" \/><\/figure>\n<\/div>\n\n\n<p>UN LLOC AL BOSC es defineix com un <strong>espai feminista<\/strong> <strong>anticapitalista <\/strong>on es treballa per una conviv\u00e8ncia basada en les relacions pac\u00edfiques i de respecte cap a la diversitat sexual i de g\u00e8nere, racial, la neurodivergencia i la diversitat de capacitats. Promovem nous models de conviv\u00e8ncia alternatives al sistema capitalista en qu\u00e8 vivim, apostant per una societat cooperativa a trav\u00e9s de les propostes de treball i relaci\u00f3 basades en  l&#8217;equiparaci\u00f3 i redistribuci\u00f3 de les responsabilitats i els drets, la comunicaci\u00f3 i el suport mutu,  per desfer la rigidesa dels estereotips socials.<\/p>\n\n\n\n<p> <\/p>","protected":false},"excerpt":{"rendered":"<p>UN LLOC AL BOSC neix de la necessitat, per part de fam\u00edlies i professionals de l\u2019educaci\u00f3, de comptar amb un espai de caracter\u00edstiques similars a l\u2019entorn familiar on la xicalla puga desenvolupar-se al seu ritme, en un clima c\u00e0lid i relaxat, on prenga part activa en el seu propi proc\u00e9s d\u2019aprenentatge. Un espai on desenvolupar [&hellip;]<\/p>","protected":false},"author":4,"featured_media":203,"parent":0,"menu_order":0,"comment_status":"closed","ping_status":"closed","template":"","meta":{"footnotes":""},"class_list":["post-32","page","type-page","status-publish","has-post-thumbnail","hentry","post-preview"],"_links":{"self":[{"href":"https:\/\/unllocalbosc.org\/es\/wp-json\/wp\/v2\/pages\/32","targetHints":{"allow":["GET"]}}],"collection":[{"href":"https:\/\/unllocalbosc.org\/es\/wp-json\/wp\/v2\/pages"}],"about":[{"href":"https:\/\/unllocalbosc.org\/es\/wp-json\/wp\/v2\/types\/page"}],"author":[{"embeddable":true,"href":"https:\/\/unllocalbosc.org\/es\/wp-json\/wp\/v2\/users\/4"}],"replies":[{"embeddable":true,"href":"https:\/\/unllocalbosc.org\/es\/wp-json\/wp\/v2\/comments?post=32"}],"version-history":[{"count":2,"href":"https:\/\/unllocalbosc.org\/es\/wp-json\/wp\/v2\/pages\/32\/revisions"}],"predecessor-version":[{"id":617,"href":"https:\/\/unllocalbosc.org\/es\/wp-json\/wp\/v2\/pages\/32\/revisions\/617"}],"wp:featuredmedia":[{"embeddable":true,"href":"https:\/\/unllocalbosc.org\/es\/wp-json\/wp\/v2\/media\/203"}],"wp:attachment":[{"href":"https:\/\/unllocalbosc.org\/es\/wp-json\/wp\/v2\/media?parent=32"}],"curies":[{"name":"wp","href":"https:\/\/api.w.org\/{rel}","templated":true}]}}